{"id":207,"date":"2014-11-25T18:04:37","date_gmt":"2014-11-25T18:04:37","guid":{"rendered":"https:\/\/demo.mekshq.com\/voice\/dc\/?page_id=207"},"modified":"2025-10-23T10:35:40","modified_gmt":"2025-10-23T16:35:40","slug":"home-2","status":"publish","type":"page","link":"https:\/\/infosol.com.mx\/wordpress\/home-2\/","title":{"rendered":"Home"},"content":{"rendered":"<p>[et_pb_section admin_label=\u00bbsection\u00bb]<br \/>\n\t\t\t[et_pb_row admin_label=\u00bbrow\u00bb]<br \/>\n\t\t\t\t[et_pb_column type=\u00bb4_4&#8243;][\/et_pb_column]<br \/>\n\t\t\t[\/et_pb_row]<br \/>\n\t\t[\/et_pb_section]<\/p>\n","protected":false},"excerpt":{"rendered":"","protected":false},"author":1,"featured_media":0,"parent":0,"menu_order":0,"comment_status":"open","ping_status":"open","template":"","meta":{"_et_pb_use_builder":"on","_et_pb_old_content":"","_et_gb_content_width":"","content-type":"","_joinchat":[],"footnotes":""},"class_list":["post-207","page","type-page","status-publish","hentry"],"yoast_head":"<!-- This site is optimized with the Yoast SEO plugin v27.2 - https:\/\/yoast.com\/product\/yoast-seo-wordpress\/ -->\n<title>Home - Charlas de Caf\u00e9 de Comunicaci\u00f3n y Otras Pasiones<\/title>\n<meta name=\"robots\" content=\"index, follow, max-snippet:-1, max-image-preview:large, max-video-preview:-1\" \/>\n<link rel=\"canonical\" href=\"https:\/\/infosol.com.mx\/wordpress\/home-2\/\" \/>\n<meta property=\"og:locale\" content=\"es_ES\" \/>\n<meta property=\"og:type\" content=\"article\" \/>\n<meta property=\"og:title\" content=\"Home - Charlas de Caf\u00e9 de Comunicaci\u00f3n y Otras Pasiones\" \/>\n<meta property=\"og:url\" content=\"https:\/\/infosol.com.mx\/wordpress\/home-2\/\" \/>\n<meta property=\"og:site_name\" content=\"Charlas de Caf\u00e9 de Comunicaci\u00f3n y Otras Pasiones\" \/>\n<meta property=\"article:publisher\" content=\"https:\/\/www.facebook.com\/infosol\/\" \/>\n<meta property=\"article:modified_time\" content=\"2025-10-23T16:35:40+00:00\" \/>\n<meta name=\"twitter:card\" content=\"summary_large_image\" \/>\n<meta name=\"twitter:site\" content=\"@EspacioInfoSol\" \/>\n<script type=\"application\/ld+json\" class=\"yoast-schema-graph\">{\"@context\":\"https:\/\/schema.org\",\"@graph\":[{\"@type\":\"WebPage\",\"@id\":\"https:\/\/infosol.com.mx\/wordpress\/home-2\/\",\"url\":\"https:\/\/infosol.com.mx\/wordpress\/home-2\/\",\"name\":\"Home - Charlas de Caf\u00e9 de Comunicaci\u00f3n y Otras Pasiones\",\"isPartOf\":{\"@id\":\"https:\/\/infosol.com.mx\/wordpress\/#website\"},\"datePublished\":\"2014-11-25T18:04:37+00:00\",\"dateModified\":\"2025-10-23T16:35:40+00:00\",\"breadcrumb\":{\"@id\":\"https:\/\/infosol.com.mx\/wordpress\/home-2\/#breadcrumb\"},\"inLanguage\":\"es\",\"potentialAction\":[{\"@type\":\"ReadAction\",\"target\":[\"https:\/\/infosol.com.mx\/wordpress\/home-2\/\"]}]},{\"@type\":\"BreadcrumbList\",\"@id\":\"https:\/\/infosol.com.mx\/wordpress\/home-2\/#breadcrumb\",\"itemListElement\":[{\"@type\":\"ListItem\",\"position\":1,\"name\":\"Inicio\",\"item\":\"https:\/\/infosol.com.mx\/wordpress\/\"},{\"@type\":\"ListItem\",\"position\":2,\"name\":\"Home\"}]},{\"@type\":\"WebSite\",\"@id\":\"https:\/\/infosol.com.mx\/wordpress\/#website\",\"url\":\"https:\/\/infosol.com.mx\/wordpress\/\",\"name\":\"Charlas de Caf\u00e9 de Comunicaci\u00f3n y Otras Pasiones\",\"description\":\"Comunicaci\u00f3n, Relaciones P\u00fablicas, Redes Sociales y algo m\u00e1s...\",\"publisher\":{\"@id\":\"https:\/\/infosol.com.mx\/wordpress\/#organization\"},\"potentialAction\":[{\"@type\":\"SearchAction\",\"target\":{\"@type\":\"EntryPoint\",\"urlTemplate\":\"https:\/\/infosol.com.mx\/wordpress\/?s={search_term_string}\"},\"query-input\":{\"@type\":\"PropertyValueSpecification\",\"valueRequired\":true,\"valueName\":\"search_term_string\"}}],\"inLanguage\":\"es\"},{\"@type\":\"Organization\",\"@id\":\"https:\/\/infosol.com.mx\/wordpress\/#organization\",\"name\":\"InfoSol\",\"url\":\"https:\/\/infosol.com.mx\/wordpress\/\",\"logo\":{\"@type\":\"ImageObject\",\"inLanguage\":\"es\",\"@id\":\"https:\/\/infosol.com.mx\/wordpress\/#\/schema\/logo\/image\/\",\"url\":\"https:\/\/infosol.com.mx\/wordpress\/wp-content\/uploads\/InfoSol-6.0-160x46-1.webp\",\"contentUrl\":\"https:\/\/infosol.com.mx\/wordpress\/wp-content\/uploads\/InfoSol-6.0-160x46-1.webp\",\"width\":160,\"height\":46,\"caption\":\"InfoSol\"},\"image\":{\"@id\":\"https:\/\/infosol.com.mx\/wordpress\/#\/schema\/logo\/image\/\"},\"sameAs\":[\"https:\/\/www.facebook.com\/infosol\/\",\"https:\/\/x.com\/EspacioInfoSol\",\"https:\/\/www.linkedin.com\/company\/grupoinfosol\/\",\"https:\/\/www.pinterest.com.mx\/GrupoInfoSol\/\",\"https:\/\/www.youtube.com\/user\/InfoSolMiEspacio\"]}]}<\/script>\n<!-- \/ Yoast SEO plugin. -->","yoast_head_json":{"title":"Home - Charlas de Caf\u00e9 de Comunicaci\u00f3n y Otras Pasiones","robots":{"index":"index","follow":"follow","max-snippet":"max-snippet:-1","max-image-preview":"max-image-preview:large","max-video-preview":"max-video-preview:-1"},"canonical":"https:\/\/infosol.com.mx\/wordpress\/home-2\/","og_locale":"es_ES","og_type":"article","og_title":"Home - Charlas de Caf\u00e9 de Comunicaci\u00f3n y Otras Pasiones","og_url":"https:\/\/infosol.com.mx\/wordpress\/home-2\/","og_site_name":"Charlas de Caf\u00e9 de Comunicaci\u00f3n y Otras Pasiones","article_publisher":"https:\/\/www.facebook.com\/infosol\/","article_modified_time":"2025-10-23T16:35:40+00:00","twitter_card":"summary_large_image","twitter_site":"@EspacioInfoSol","schema":{"@context":"https:\/\/schema.org","@graph":[{"@type":"WebPage","@id":"https:\/\/infosol.com.mx\/wordpress\/home-2\/","url":"https:\/\/infosol.com.mx\/wordpress\/home-2\/","name":"Home - Charlas de Caf\u00e9 de Comunicaci\u00f3n y Otras Pasiones","isPartOf":{"@id":"https:\/\/infosol.com.mx\/wordpress\/#website"},"datePublished":"2014-11-25T18:04:37+00:00","dateModified":"2025-10-23T16:35:40+00:00","breadcrumb":{"@id":"https:\/\/infosol.com.mx\/wordpress\/home-2\/#breadcrumb"},"inLanguage":"es","potentialAction":[{"@type":"ReadAction","target":["https:\/\/infosol.com.mx\/wordpress\/home-2\/"]}]},{"@type":"BreadcrumbList","@id":"https:\/\/infosol.com.mx\/wordpress\/home-2\/#breadcrumb","itemListElement":[{"@type":"ListItem","position":1,"name":"Inicio","item":"https:\/\/infosol.com.mx\/wordpress\/"},{"@type":"ListItem","position":2,"name":"Home"}]},{"@type":"WebSite","@id":"https:\/\/infosol.com.mx\/wordpress\/#website","url":"https:\/\/infosol.com.mx\/wordpress\/","name":"Charlas de Caf\u00e9 de Comunicaci\u00f3n y Otras Pasiones","description":"Comunicaci\u00f3n, Relaciones P\u00fablicas, Redes Sociales y algo m\u00e1s...","publisher":{"@id":"https:\/\/infosol.com.mx\/wordpress\/#organization"},"potentialAction":[{"@type":"SearchAction","target":{"@type":"EntryPoint","urlTemplate":"https:\/\/infosol.com.mx\/wordpress\/?s={search_term_string}"},"query-input":{"@type":"PropertyValueSpecification","valueRequired":true,"valueName":"search_term_string"}}],"inLanguage":"es"},{"@type":"Organization","@id":"https:\/\/infosol.com.mx\/wordpress\/#organization","name":"InfoSol","url":"https:\/\/infosol.com.mx\/wordpress\/","logo":{"@type":"ImageObject","inLanguage":"es","@id":"https:\/\/infosol.com.mx\/wordpress\/#\/schema\/logo\/image\/","url":"https:\/\/infosol.com.mx\/wordpress\/wp-content\/uploads\/InfoSol-6.0-160x46-1.webp","contentUrl":"https:\/\/infosol.com.mx\/wordpress\/wp-content\/uploads\/InfoSol-6.0-160x46-1.webp","width":160,"height":46,"caption":"InfoSol"},"image":{"@id":"https:\/\/infosol.com.mx\/wordpress\/#\/schema\/logo\/image\/"},"sameAs":["https:\/\/www.facebook.com\/infosol\/","https:\/\/x.com\/EspacioInfoSol","https:\/\/www.linkedin.com\/company\/grupoinfosol\/","https:\/\/www.pinterest.com.mx\/GrupoInfoSol\/","https:\/\/www.youtube.com\/user\/InfoSolMiEspacio"]}]}},"_links":{"self":[{"href":"https:\/\/infosol.com.mx\/wordpress\/wp-json\/wp\/v2\/pages\/207","targetHints":{"allow":["GET"]}}],"collection":[{"href":"https:\/\/infosol.com.mx\/wordpress\/wp-json\/wp\/v2\/pages"}],"about":[{"href":"https:\/\/infosol.com.mx\/wordpress\/wp-json\/wp\/v2\/types\/page"}],"author":[{"embeddable":true,"href":"https:\/\/infosol.com.mx\/wordpress\/wp-json\/wp\/v2\/users\/1"}],"replies":[{"embeddable":true,"href":"https:\/\/infosol.com.mx\/wordpress\/wp-json\/wp\/v2\/comments?post=207"}],"version-history":[{"count":2,"href":"https:\/\/infosol.com.mx\/wordpress\/wp-json\/wp\/v2\/pages\/207\/revisions"}],"predecessor-version":[{"id":242560,"href":"https:\/\/infosol.com.mx\/wordpress\/wp-json\/wp\/v2\/pages\/207\/revisions\/242560"}],"wp:attachment":[{"href":"https:\/\/infosol.com.mx\/wordpress\/wp-json\/wp\/v2\/media?parent=207"}],"curies":[{"name":"wp","href":"https:\/\/api.w.org\/{rel}","templated":true}]}}