{"id":1108,"date":"2021-04-30T16:00:13","date_gmt":"2021-04-30T21:00:13","guid":{"rendered":"http:\/\/infosol.com.mx\/miespacio?page_id=1108"},"modified":"2023-12-18T15:40:53","modified_gmt":"2023-12-18T15:40:53","slug":"codigo-de-etica","status":"publish","type":"page","link":"https:\/\/infosol.com.mx\/miespacio\/codigo-de-etica\/","title":{"rendered":"C\u00f3digo de \u00c9tica"},"content":{"rendered":"\t\t<div data-elementor-type=\"wp-page\" data-elementor-id=\"1108\" class=\"elementor elementor-1108\" data-elementor-post-type=\"page\">\n\t\t\t\t\t\t<section class=\"elementor-section elementor-top-section elementor-element elementor-element-b389668 elementor-section-height-min-height elementor-section-content-middle elementor-hidden-tablet elementor-hidden-mobile elementor-section-boxed elementor-section-height-default elementor-section-items-middle\" data-id=\"b389668\" data-element_type=\"section\" data-e-type=\"section\" data-settings=\"{&quot;background_background&quot;:&quot;classic&quot;}\">\n\t\t\t\t\t\t\t<div class=\"elementor-background-overlay\"><\/div>\n\t\t\t\t\t\t\t<div class=\"elementor-container elementor-column-gap-no\">\n\t\t\t\t\t<div class=\"elementor-column elementor-col-100 elementor-top-column elementor-element elementor-element-7709544\" data-id=\"7709544\" data-element_type=\"column\" data-e-type=\"column\" data-settings=\"{&quot;background_background&quot;:&quot;classic&quot;}\">\n\t\t\t<div class=\"elementor-widget-wrap elementor-element-populated\">\n\t\t\t\t\t\t<div class=\"elementor-element elementor-element-586c68f premium-header-inline premium-lq__none premium-box-lq__none elementor-widget elementor-widget-premium-addon-dual-header\" data-id=\"586c68f\" data-element_type=\"widget\" data-e-type=\"widget\" data-widget_type=\"premium-addon-dual-header.default\">\n\t\t\t\t\t\n\t\t<div class=\"elementor-widget-container\">\n\t\t\t\t\t<h3 class=\"premium-dual-header-first-header \"><span class=\"premium-dual-header-first-span\">C\u00f3digo de <\/span><span class=\"premium-dual-header-second-header \">\u00c9tica<\/span><\/h3> \t\t\t\t<\/div>\n\n\t\t\t\t\t\t<\/div>\n\t\t\t\t<div class=\"elementor-element elementor-element-bfbb348 elementor-widget elementor-widget-spacer\" data-id=\"bfbb348\" data-element_type=\"widget\" data-e-type=\"widget\" data-widget_type=\"spacer.default\">\n\t\t\t\t<div class=\"elementor-widget-container\">\n\t\t\t\t\t\t\t<div class=\"elementor-spacer\">\n\t\t\t<div class=\"elementor-spacer-inner\"><\/div>\n\t\t<\/div>\n\t\t\t\t\t\t<\/div>\n\t\t\t\t<\/div>\n\t\t\t\t<div class=\"elementor-element elementor-element-24717a6 elementor-absolute elementor-widget elementor-widget-image\" data-id=\"24717a6\" data-element_type=\"widget\" data-e-type=\"widget\" data-settings=\"{&quot;_position&quot;:&quot;absolute&quot;}\" data-widget_type=\"image.default\">\n\t\t\t\t<div class=\"elementor-widget-container\">\n\t\t\t\t\t\t\t\t\t\t\t\t\t\t\t<img fetchpriority=\"high\" decoding=\"async\" width=\"555\" height=\"445\" src=\"https:\/\/infosol.com.mx\/miespacio\/wp-content\/uploads\/2023\/12\/codigo-de-etica.png\" class=\"attachment-large size-large wp-image-9197\" alt=\"\" srcset=\"https:\/\/infosol.com.mx\/miespacio\/wp-content\/uploads\/2023\/12\/codigo-de-etica.png 555w, https:\/\/infosol.com.mx\/miespacio\/wp-content\/uploads\/2023\/12\/codigo-de-etica-300x241.png 300w\" sizes=\"(max-width: 555px) 100vw, 555px\" \/>\t\t\t\t\t\t\t\t\t\t\t\t\t\t\t<\/div>\n\t\t\t\t<\/div>\n\t\t\t\t\t<\/div>\n\t\t<\/div>\n\t\t\t\t\t<\/div>\n\t\t<\/section>\n\t\t\t\t<section class=\"elementor-section elementor-top-section elementor-element elementor-element-2953b6c elementor-section-height-min-height elementor-section-content-middle elementor-hidden-desktop elementor-section-boxed elementor-section-height-default elementor-section-items-middle\" data-id=\"2953b6c\" data-element_type=\"section\" data-e-type=\"section\" data-settings=\"{&quot;background_background&quot;:&quot;classic&quot;}\">\n\t\t\t\t\t\t\t<div class=\"elementor-background-overlay\"><\/div>\n\t\t\t\t\t\t\t<div class=\"elementor-container elementor-column-gap-no\">\n\t\t\t\t\t<div class=\"elementor-column elementor-col-100 elementor-top-column elementor-element elementor-element-fc2cfa5\" data-id=\"fc2cfa5\" data-element_type=\"column\" data-e-type=\"column\" data-settings=\"{&quot;background_background&quot;:&quot;classic&quot;}\">\n\t\t\t<div class=\"elementor-widget-wrap elementor-element-populated\">\n\t\t\t\t\t\t<div class=\"elementor-element elementor-element-6c34826 premium-header-inline premium-lq__none premium-box-lq__none elementor-widget elementor-widget-premium-addon-dual-header\" data-id=\"6c34826\" data-element_type=\"widget\" data-e-type=\"widget\" data-widget_type=\"premium-addon-dual-header.default\">\n\t\t\t\t\t\n\t\t<div class=\"elementor-widget-container\">\n\t\t\t\t\t<h3 class=\"premium-dual-header-first-header \"><span class=\"premium-dual-header-first-span\">C\u00f3digo de <\/span><span class=\"premium-dual-header-second-header \">\u00c9tica<\/span><\/h3> \t\t\t\t<\/div>\n\n\t\t\t\t\t\t<\/div>\n\t\t\t\t<div class=\"elementor-element elementor-element-6737a6e elementor-widget elementor-widget-spacer\" data-id=\"6737a6e\" data-element_type=\"widget\" data-e-type=\"widget\" data-widget_type=\"spacer.default\">\n\t\t\t\t<div class=\"elementor-widget-container\">\n\t\t\t\t\t\t\t<div class=\"elementor-spacer\">\n\t\t\t<div class=\"elementor-spacer-inner\"><\/div>\n\t\t<\/div>\n\t\t\t\t\t\t<\/div>\n\t\t\t\t<\/div>\n\t\t\t\t<div class=\"elementor-element elementor-element-0b128cd elementor-absolute elementor-widget elementor-widget-image\" data-id=\"0b128cd\" data-element_type=\"widget\" data-e-type=\"widget\" data-settings=\"{&quot;_position&quot;:&quot;absolute&quot;}\" data-widget_type=\"image.default\">\n\t\t\t\t<div class=\"elementor-widget-container\">\n\t\t\t\t\t\t\t\t\t\t\t\t\t\t\t<img fetchpriority=\"high\" decoding=\"async\" width=\"555\" height=\"445\" src=\"https:\/\/infosol.com.mx\/miespacio\/wp-content\/uploads\/2023\/12\/codigo-de-etica.png\" class=\"attachment-large size-large wp-image-9197\" alt=\"\" srcset=\"https:\/\/infosol.com.mx\/miespacio\/wp-content\/uploads\/2023\/12\/codigo-de-etica.png 555w, https:\/\/infosol.com.mx\/miespacio\/wp-content\/uploads\/2023\/12\/codigo-de-etica-300x241.png 300w\" sizes=\"(max-width: 555px) 100vw, 555px\" \/>\t\t\t\t\t\t\t\t\t\t\t\t\t\t\t<\/div>\n\t\t\t\t<\/div>\n\t\t\t\t\t<\/div>\n\t\t<\/div>\n\t\t\t\t\t<\/div>\n\t\t<\/section>\n\t\t\t\t<section class=\"elementor-section elementor-top-section elementor-element elementor-element-18faa53 elementor-section-boxed elementor-section-height-default elementor-section-height-default\" data-id=\"18faa53\" data-element_type=\"section\" data-e-type=\"section\">\n\t\t\t\t\t\t<div class=\"elementor-container elementor-column-gap-default\">\n\t\t\t\t\t<div class=\"elementor-column elementor-col-100 elementor-top-column elementor-element elementor-element-ab892db\" data-id=\"ab892db\" data-element_type=\"column\" data-e-type=\"column\">\n\t\t\t<div class=\"elementor-widget-wrap elementor-element-populated\">\n\t\t\t\t\t\t<div class=\"elementor-element elementor-element-57c8637 elementor-widget elementor-widget-text-editor\" data-id=\"57c8637\" data-element_type=\"widget\" data-e-type=\"widget\" data-widget_type=\"text-editor.default\">\n\t\t\t\t<div class=\"elementor-widget-container\">\n\t\t\t\t\t\t\t\t\t<p>En Mi Espacio\u00ae, nos comprometemos a mantener un ambiente de colaboraci\u00f3n \u00e9tico y respetuoso, alineado con nuestros valores y principios. Este C\u00f3digo de \u00c9tica establece las directrices para asegurar la integridad, el respeto y la responsabilidad en todas nuestras interacciones y contribuciones.<\/p><ol><li><strong> Respeto por los Derechos de Autor<\/strong><\/li><\/ol><ul><li>No tomar\u00e1s ning\u00fan documento como si fuera tuyo. \u00a0Siempre incluir\u00e1s los cr\u00e9ditos del autor original en tus publicaciones y colaboraciones.<\/li><li>Al utilizar material de terceros, aseg\u00farate de citar adecuadamente las fuentes.<\/li><\/ul><ol start=\"2\"><li><strong> Uso Compartido y Colaborativo de Contenidos<\/strong><\/li><\/ol><ul><li>Permite que las colaboraciones en Mi Espacio\u00ae sean utilizadas por otros usuarios, fomentando as\u00ed un esp\u00edritu de comunidad y aprendizaje compartido.<\/li><li>Utiliza las colaboraciones para fines educativos y siempre otorga el cr\u00e9dito correspondiente.<\/li><\/ul><ol start=\"3\"><li><strong> Promoci\u00f3n de un Ambiente Positivo<\/strong><\/li><\/ol><ul><li>Fomenta un ambiente de respeto, inclusi\u00f3n y tolerancia hacia todas las opiniones y puntos de vista.<\/li><li>No incluir\u00e1s contenidos ofensivos, discriminatorios ni estimular\u00e1s comportamientos violentos mediante la informaci\u00f3n que compartes.<\/li><\/ul><ol start=\"4\"><li><strong> Transparencia en las Fuentes de Informaci\u00f3n<\/strong><\/li><\/ol><ul><li>Incluye las fuentes de informaci\u00f3n en las que se basa tu contenido para otorgar el cr\u00e9dito a quienes lo merecen.<\/li><li>Verifica la autenticidad y la precisi\u00f3n de la informaci\u00f3n que compartes.<\/li><\/ul><ol start=\"5\"><li><strong> Responsabilidad en la Comunicaci\u00f3n<\/strong><\/li><\/ol><ul><li>Todo usuario debe ser consciente de su responsabilidad al comunicar informaci\u00f3n, manteniendo un enfoque \u00e9tico y profesional.<\/li><li>Todo material enviado para publicaci\u00f3n debe estar redactado con rigor profesional, creatividad, propio y veraz.<\/li><li>Ser transparente sobre afiliaciones, patrocinios o cualquier conflicto de intereses que pueda influir en el contenido.<\/li><li>Indicar claramente si un art\u00edculo es de naturaleza promocional o patrocinada.<\/li><li>En caso de asistirte del uso de Inteligencia Artificial, t\u00fa colaboraci\u00f3n no debe de exceder del 20% de la creaci\u00f3n \/ correcci\u00f3n de tus textos. As\u00ed mismo, te comprometes a no utilizar IA con el prop\u00f3sito de manipular informaci\u00f3n, difundir desinformaci\u00f3n o generar contenido enga\u00f1oso. Evitar sesgos en los resultados generados por algoritmos.<\/li><\/ul><ol start=\"6\"><li><strong> Claridad y Concisi\u00f3n en el Estilo<\/strong><\/li><\/ol><ul><li>Redacta tus contribuciones de manera clara y concisa, teniendo en cuenta que pueden ser consultadas por un p\u00fablico diverso y no especializado.<\/li><li>Ofrece informaci\u00f3n relevante y de inter\u00e9s para los usuarios, evitando la saturaci\u00f3n innecesaria de datos.<\/li><\/ul><ol start=\"7\"><li><strong> Respeto a la Diversidad de Perspectivas<\/strong><\/li><\/ol><ul><li>Mi Espacio\u00ae es un sitio colaborativo que respeta y valora los distintos enfoques y puntos de vista. Promueve la diversidad de pensamiento y la libre expresi\u00f3n.<\/li><li>La responsabilidad del contenido en los apartados de colaboraci\u00f3n recae en cada uno de los usuarios, dentro del marco de respeto mutuo y de este C\u00f3digo de \u00c9tica.<\/li><\/ul><ul><li>Los textos colaborativos reflejan \u00fanicamente la visi\u00f3n del autor, no necesariamente el punto de vista de Mi Espacio\u00ae. Mi Espacio\u00ae respeta los distintos enfoques y puntos de vista.<\/li><\/ul><ol start=\"8\"><li><strong> Compromiso con la Calidad y Relevancia de la Informaci\u00f3n<\/strong><\/li><\/ol><ul><li>Nos esforzamos por asegurar que la informaci\u00f3n proporcionada sea completa, relevante y de alta calidad.<\/li><li>Todos los documentos se revisan antes de su publicaci\u00f3n para garantizar que cumplan con nuestros est\u00e1ndares de calidad y relevancia.<\/li><\/ul><ol start=\"9\"><li><strong> Apoyo a la Ciencia de la Comunicaci\u00f3n y Responsabilidad Social<\/strong><\/li><\/ol><ul><li>Mi Espacio\u00ae fue creado en apoyo a la Ciencia de la Comunicaci\u00f3n y es un proyecto financiado por <a href=\"https:\/\/www.infosol.com.mx\/\" target=\"_blank\" rel=\"noopener\">InfoSol<\/a> una agencia de comunicaci\u00f3n y relaciones p\u00fablicas l\u00edder en M\u00e9xico, en nuestra misi\u00f3n de impulsar la educaci\u00f3n y el bienestar comunitario. Juntos, nos dedicamos a cultivar una comunidad informada y a invertir en la formaci\u00f3n de una fuerza laboral competente ampliando las capacidades de los profesionales a trav\u00e9s del intercambio de experiencias, para prosperar en un mercado en constante cambio. Nuestro trabajo conjunto impulsa la investigaci\u00f3n y el desarrollo de nuevas metodolog\u00edas, enriqueciendo nuestra industria, preparando el terreno para innovaciones futuras y en mejorar las oportunidades educativas estableciendo una base s\u00f3lida y la inclusi\u00f3n de los estudiantes en nuestra industria.<\/li><\/ul>\t\t\t\t\t\t\t\t<\/div>\n\t\t\t\t<\/div>\n\t\t\t\t\t<\/div>\n\t\t<\/div>\n\t\t\t\t\t<\/div>\n\t\t<\/section>\n\t\t\t\t<section class=\"elementor-section elementor-top-section elementor-element elementor-element-ebc5679 elementor-section-full_width elementor-section-height-min-height elementor-section-height-default elementor-section-items-middle\" data-id=\"ebc5679\" data-element_type=\"section\" data-e-type=\"section\" data-settings=\"{&quot;sticky&quot;:&quot;bottom&quot;,&quot;sticky_on&quot;:[&quot;desktop&quot;,&quot;tablet&quot;,&quot;mobile&quot;],&quot;sticky_offset&quot;:0,&quot;sticky_effects_offset&quot;:0}\">\n\t\t\t\t\t\t<div class=\"elementor-container elementor-column-gap-default\">\n\t\t\t\t\t<div class=\"elementor-column elementor-col-100 elementor-top-column elementor-element elementor-element-1e00ba8\" data-id=\"1e00ba8\" data-element_type=\"column\" data-e-type=\"column\">\n\t\t\t<div class=\"elementor-widget-wrap elementor-element-populated\">\n\t\t\t\t\t\t<div class=\"elementor-element elementor-element-9b04e2b elementor-align-right elementor-widget elementor-widget-button\" data-id=\"9b04e2b\" data-element_type=\"widget\" data-e-type=\"widget\" data-widget_type=\"button.default\">\n\t\t\t\t<div class=\"elementor-widget-container\">\n\t\t\t\t\t\t\t\t\t<div class=\"elementor-button-wrapper\">\n\t\t\t\t\t<a class=\"elementor-button elementor-button-link elementor-size-sm\" href=\"#\">\n\t\t\t\t\t\t<span class=\"elementor-button-content-wrapper\">\n\t\t\t\t\t\t<span class=\"elementor-button-icon\">\n\t\t\t\t<svg xmlns=\"http:\/\/www.w3.org\/2000\/svg\" id=\"b1773bcb-a373-48c7-9f1d-a048b76ce942\" data-name=\"Layer 1\" width=\"18.1738\" height=\"30.1341\" viewBox=\"0 0 18.1738 30.1341\"><title>arrow<\/title><path d=\"M17.9182,8.4734,9.6942.25a.8587.8587,0,0,0-1.2113,0L.2616,8.4717a.8482.8482,0,0,0-.261.601L0,9.0874a.8526.8526,0,0,0,.2409.5956.8642.8642,0,0,0,1.23.0027L8.232,2.9239V29.2682a.8566.8566,0,1,0,1.7131,0V2.9239L16.7042,9.683a.8575.8575,0,0,0,1.2113.0214.8462.8462,0,0,0,.2583-.61A.8951.8951,0,0,0,17.9182,8.4734Z\" transform=\"translate(0 0)\"><\/path><\/svg>\t\t\t<\/span>\n\t\t\t\t\t\t\t\t<\/span>\n\t\t\t\t\t<\/a>\n\t\t\t\t<\/div>\n\t\t\t\t\t\t\t\t<\/div>\n\t\t\t\t<\/div>\n\t\t\t\t\t<\/div>\n\t\t<\/div>\n\t\t\t\t\t<\/div>\n\t\t<\/section>\n\t\t\t\t<\/div>\n\t\t","protected":false},"excerpt":{"rendered":"<p>C\u00f3digo de \u00c9tica C\u00f3digo de \u00c9tica En Mi Espacio\u00ae, nos comprometemos a mantener un ambiente de colaboraci\u00f3n \u00e9tico y respetuoso, alineado con nuestros valores y principios. Este C\u00f3digo de \u00c9tica establece las directrices para asegurar la integridad, el respeto y la responsabilidad en todas nuestras interacciones y contribuciones. Respeto por los Derechos de Autor No [&hellip;]<\/p>\n","protected":false},"author":14,"featured_media":0,"parent":0,"menu_order":0,"comment_status":"closed","ping_status":"closed","template":"elementor_header_footer","meta":{"content-type":"","footnotes":""},"class_list":["post-1108","page","type-page","status-publish","hentry"],"yoast_head":"<!-- This site is optimized with the Yoast SEO plugin v27.2 - https:\/\/yoast.com\/product\/yoast-seo-wordpress\/ -->\n<title>C\u00f3digo de \u00c9tica - Mi Espacio<\/title>\n<meta name=\"robots\" content=\"index, follow, max-snippet:-1, max-image-preview:large, max-video-preview:-1\" \/>\n<link rel=\"canonical\" href=\"https:\/\/infosol.com.mx\/miespacio\/codigo-de-etica\/\" \/>\n<meta property=\"og:locale\" content=\"es_MX\" \/>\n<meta property=\"og:type\" content=\"article\" \/>\n<meta property=\"og:title\" content=\"C\u00f3digo de \u00c9tica - Mi Espacio\" \/>\n<meta property=\"og:description\" content=\"C\u00f3digo de \u00c9tica C\u00f3digo de \u00c9tica En Mi Espacio\u00ae, nos comprometemos a mantener un ambiente de colaboraci\u00f3n \u00e9tico y respetuoso, alineado con nuestros valores y principios. Este C\u00f3digo de \u00c9tica establece las directrices para asegurar la integridad, el respeto y la responsabilidad en todas nuestras interacciones y contribuciones. Respeto por los Derechos de Autor No [&hellip;]\" \/>\n<meta property=\"og:url\" content=\"https:\/\/infosol.com.mx\/miespacio\/codigo-de-etica\/\" \/>\n<meta property=\"og:site_name\" content=\"Mi Espacio\" \/>\n<meta property=\"article:publisher\" content=\"https:\/\/www.facebook.com\/InfoSolMiEspacio\/\" \/>\n<meta property=\"article:modified_time\" content=\"2023-12-18T15:40:53+00:00\" \/>\n<meta property=\"og:image\" content=\"http:\/\/infosol.com.mx\/miespacio\/wp-content\/uploads\/2023\/12\/codigo-de-etica.png\" \/>\n<meta name=\"twitter:card\" content=\"summary_large_image\" \/>\n<meta name=\"twitter:site\" content=\"@EspacioInfoSol\" \/>\n<meta name=\"twitter:label1\" content=\"Tiempo de lectura\" \/>\n\t<meta name=\"twitter:data1\" content=\"2 minutos\" \/>\n<script type=\"application\/ld+json\" class=\"yoast-schema-graph\">{\"@context\":\"https:\/\/schema.org\",\"@graph\":[{\"@type\":\"WebPage\",\"@id\":\"https:\/\/infosol.com.mx\/miespacio\/codigo-de-etica\/\",\"url\":\"https:\/\/infosol.com.mx\/miespacio\/codigo-de-etica\/\",\"name\":\"C\u00f3digo de \u00c9tica - Mi Espacio\",\"isPartOf\":{\"@id\":\"https:\/\/infosol.com.mx\/miespacio\/#website\"},\"primaryImageOfPage\":{\"@id\":\"https:\/\/infosol.com.mx\/miespacio\/codigo-de-etica\/#primaryimage\"},\"image\":{\"@id\":\"https:\/\/infosol.com.mx\/miespacio\/codigo-de-etica\/#primaryimage\"},\"thumbnailUrl\":\"http:\/\/infosol.com.mx\/miespacio\/wp-content\/uploads\/2023\/12\/codigo-de-etica.png\",\"datePublished\":\"2021-04-30T21:00:13+00:00\",\"dateModified\":\"2023-12-18T15:40:53+00:00\",\"breadcrumb\":{\"@id\":\"https:\/\/infosol.com.mx\/miespacio\/codigo-de-etica\/#breadcrumb\"},\"inLanguage\":\"es\",\"potentialAction\":[{\"@type\":\"ReadAction\",\"target\":[\"https:\/\/infosol.com.mx\/miespacio\/codigo-de-etica\/\"]}]},{\"@type\":\"ImageObject\",\"inLanguage\":\"es\",\"@id\":\"https:\/\/infosol.com.mx\/miespacio\/codigo-de-etica\/#primaryimage\",\"url\":\"https:\/\/infosol.com.mx\/miespacio\/wp-content\/uploads\/2023\/12\/codigo-de-etica.png\",\"contentUrl\":\"https:\/\/infosol.com.mx\/miespacio\/wp-content\/uploads\/2023\/12\/codigo-de-etica.png\",\"width\":555,\"height\":445},{\"@type\":\"BreadcrumbList\",\"@id\":\"https:\/\/infosol.com.mx\/miespacio\/codigo-de-etica\/#breadcrumb\",\"itemListElement\":[{\"@type\":\"ListItem\",\"position\":1,\"name\":\"Inicio\",\"item\":\"https:\/\/infosol.com.mx\/miespacio\/\"},{\"@type\":\"ListItem\",\"position\":2,\"name\":\"C\u00f3digo de \u00c9tica\"}]},{\"@type\":\"WebSite\",\"@id\":\"https:\/\/infosol.com.mx\/miespacio\/#website\",\"url\":\"https:\/\/infosol.com.mx\/miespacio\/\",\"name\":\"Mi Espacio - Primer sitio colaborativo en M\u00e9xico\",\"description\":\"Primer sitio colaborativo en M\u00e9xico\",\"publisher\":{\"@id\":\"https:\/\/infosol.com.mx\/miespacio\/#organization\"},\"potentialAction\":[{\"@type\":\"SearchAction\",\"target\":{\"@type\":\"EntryPoint\",\"urlTemplate\":\"https:\/\/infosol.com.mx\/miespacio\/?s={search_term_string}\"},\"query-input\":{\"@type\":\"PropertyValueSpecification\",\"valueRequired\":true,\"valueName\":\"search_term_string\"}}],\"inLanguage\":\"es\"},{\"@type\":\"Organization\",\"@id\":\"https:\/\/infosol.com.mx\/miespacio\/#organization\",\"name\":\"InfoSol\",\"url\":\"https:\/\/infosol.com.mx\/miespacio\/\",\"logo\":{\"@type\":\"ImageObject\",\"inLanguage\":\"es\",\"@id\":\"https:\/\/infosol.com.mx\/miespacio\/#\/schema\/logo\/image\/\",\"url\":\"https:\/\/infosol.com.mx\/miespacio\/wp-content\/uploads\/2023\/11\/mi-espacio.svg\",\"contentUrl\":\"https:\/\/infosol.com.mx\/miespacio\/wp-content\/uploads\/2023\/11\/mi-espacio.svg\",\"width\":3000,\"height\":3000,\"caption\":\"InfoSol\"},\"image\":{\"@id\":\"https:\/\/infosol.com.mx\/miespacio\/#\/schema\/logo\/image\/\"},\"sameAs\":[\"https:\/\/www.facebook.com\/InfoSolMiEspacio\/\",\"https:\/\/x.com\/EspacioInfoSol\",\"https:\/\/www.linkedin.com\/company\/grupoinfosol\/\",\"https:\/\/www.youtube.com\/channel\/UCM2aZWPUbaX6ZqvE-REPA9g\"]}]}<\/script>\n<!-- \/ Yoast SEO plugin. -->","yoast_head_json":{"title":"C\u00f3digo de \u00c9tica - Mi Espacio","robots":{"index":"index","follow":"follow","max-snippet":"max-snippet:-1","max-image-preview":"max-image-preview:large","max-video-preview":"max-video-preview:-1"},"canonical":"https:\/\/infosol.com.mx\/miespacio\/codigo-de-etica\/","og_locale":"es_MX","og_type":"article","og_title":"C\u00f3digo de \u00c9tica - Mi Espacio","og_description":"C\u00f3digo de \u00c9tica C\u00f3digo de \u00c9tica En Mi Espacio\u00ae, nos comprometemos a mantener un ambiente de colaboraci\u00f3n \u00e9tico y respetuoso, alineado con nuestros valores y principios. Este C\u00f3digo de \u00c9tica establece las directrices para asegurar la integridad, el respeto y la responsabilidad en todas nuestras interacciones y contribuciones. Respeto por los Derechos de Autor No [&hellip;]","og_url":"https:\/\/infosol.com.mx\/miespacio\/codigo-de-etica\/","og_site_name":"Mi Espacio","article_publisher":"https:\/\/www.facebook.com\/InfoSolMiEspacio\/","article_modified_time":"2023-12-18T15:40:53+00:00","og_image":[{"url":"http:\/\/infosol.com.mx\/miespacio\/wp-content\/uploads\/2023\/12\/codigo-de-etica.png","type":"","width":"","height":""}],"twitter_card":"summary_large_image","twitter_site":"@EspacioInfoSol","twitter_misc":{"Tiempo de lectura":"2 minutos"},"schema":{"@context":"https:\/\/schema.org","@graph":[{"@type":"WebPage","@id":"https:\/\/infosol.com.mx\/miespacio\/codigo-de-etica\/","url":"https:\/\/infosol.com.mx\/miespacio\/codigo-de-etica\/","name":"C\u00f3digo de \u00c9tica - Mi Espacio","isPartOf":{"@id":"https:\/\/infosol.com.mx\/miespacio\/#website"},"primaryImageOfPage":{"@id":"https:\/\/infosol.com.mx\/miespacio\/codigo-de-etica\/#primaryimage"},"image":{"@id":"https:\/\/infosol.com.mx\/miespacio\/codigo-de-etica\/#primaryimage"},"thumbnailUrl":"http:\/\/infosol.com.mx\/miespacio\/wp-content\/uploads\/2023\/12\/codigo-de-etica.png","datePublished":"2021-04-30T21:00:13+00:00","dateModified":"2023-12-18T15:40:53+00:00","breadcrumb":{"@id":"https:\/\/infosol.com.mx\/miespacio\/codigo-de-etica\/#breadcrumb"},"inLanguage":"es","potentialAction":[{"@type":"ReadAction","target":["https:\/\/infosol.com.mx\/miespacio\/codigo-de-etica\/"]}]},{"@type":"ImageObject","inLanguage":"es","@id":"https:\/\/infosol.com.mx\/miespacio\/codigo-de-etica\/#primaryimage","url":"https:\/\/infosol.com.mx\/miespacio\/wp-content\/uploads\/2023\/12\/codigo-de-etica.png","contentUrl":"https:\/\/infosol.com.mx\/miespacio\/wp-content\/uploads\/2023\/12\/codigo-de-etica.png","width":555,"height":445},{"@type":"BreadcrumbList","@id":"https:\/\/infosol.com.mx\/miespacio\/codigo-de-etica\/#breadcrumb","itemListElement":[{"@type":"ListItem","position":1,"name":"Inicio","item":"https:\/\/infosol.com.mx\/miespacio\/"},{"@type":"ListItem","position":2,"name":"C\u00f3digo de \u00c9tica"}]},{"@type":"WebSite","@id":"https:\/\/infosol.com.mx\/miespacio\/#website","url":"https:\/\/infosol.com.mx\/miespacio\/","name":"Mi Espacio - Primer sitio colaborativo en M\u00e9xico","description":"Primer sitio colaborativo en M\u00e9xico","publisher":{"@id":"https:\/\/infosol.com.mx\/miespacio\/#organization"},"potentialAction":[{"@type":"SearchAction","target":{"@type":"EntryPoint","urlTemplate":"https:\/\/infosol.com.mx\/miespacio\/?s={search_term_string}"},"query-input":{"@type":"PropertyValueSpecification","valueRequired":true,"valueName":"search_term_string"}}],"inLanguage":"es"},{"@type":"Organization","@id":"https:\/\/infosol.com.mx\/miespacio\/#organization","name":"InfoSol","url":"https:\/\/infosol.com.mx\/miespacio\/","logo":{"@type":"ImageObject","inLanguage":"es","@id":"https:\/\/infosol.com.mx\/miespacio\/#\/schema\/logo\/image\/","url":"https:\/\/infosol.com.mx\/miespacio\/wp-content\/uploads\/2023\/11\/mi-espacio.svg","contentUrl":"https:\/\/infosol.com.mx\/miespacio\/wp-content\/uploads\/2023\/11\/mi-espacio.svg","width":3000,"height":3000,"caption":"InfoSol"},"image":{"@id":"https:\/\/infosol.com.mx\/miespacio\/#\/schema\/logo\/image\/"},"sameAs":["https:\/\/www.facebook.com\/InfoSolMiEspacio\/","https:\/\/x.com\/EspacioInfoSol","https:\/\/www.linkedin.com\/company\/grupoinfosol\/","https:\/\/www.youtube.com\/channel\/UCM2aZWPUbaX6ZqvE-REPA9g"]}]}},"_links":{"self":[{"href":"https:\/\/infosol.com.mx\/miespacio\/wp-json\/wp\/v2\/pages\/1108","targetHints":{"allow":["GET"]}}],"collection":[{"href":"https:\/\/infosol.com.mx\/miespacio\/wp-json\/wp\/v2\/pages"}],"about":[{"href":"https:\/\/infosol.com.mx\/miespacio\/wp-json\/wp\/v2\/types\/page"}],"author":[{"embeddable":true,"href":"https:\/\/infosol.com.mx\/miespacio\/wp-json\/wp\/v2\/users\/14"}],"replies":[{"embeddable":true,"href":"https:\/\/infosol.com.mx\/miespacio\/wp-json\/wp\/v2\/comments?post=1108"}],"version-history":[{"count":65,"href":"https:\/\/infosol.com.mx\/miespacio\/wp-json\/wp\/v2\/pages\/1108\/revisions"}],"predecessor-version":[{"id":9919,"href":"https:\/\/infosol.com.mx\/miespacio\/wp-json\/wp\/v2\/pages\/1108\/revisions\/9919"}],"wp:attachment":[{"href":"https:\/\/infosol.com.mx\/miespacio\/wp-json\/wp\/v2\/media?parent=1108"}],"curies":[{"name":"wp","href":"https:\/\/api.w.org\/{rel}","templated":true}]}}